{"id":2215,"date":"2018-12-14T15:48:40","date_gmt":"2018-12-14T15:48:40","guid":{"rendered":"https:\/\/www.ricoh-imaging.ca\/?page_id=2215"},"modified":"2023-01-19T19:16:43","modified_gmt":"2023-01-19T19:16:43","slug":"acheter","status":"publish","type":"page","link":"https:\/\/www.ricoh-imaging.ca\/fr\/acheter\/","title":{"rendered":"Acheter"},"content":{"rendered":"<h1>D\u00e9taillants agr\u00e9\u00e9s de Ricoh Imaging Canada Inc<\/h1>\n<p>Pour trouver un d\u00e9taillant agr\u00e9\u00e9 Ricoh Imaging pr\u00e8s de chez vous, entrez votre code postal et le produit s\u00e9lectionn\u00e9.<br \/>\nUne liste des marchands agr\u00e9\u00e9s Ricoh Imaging de votre r\u00e9gion appara\u00eetra.<\/p>\n<p><span class=\"note\">*Veuillez noter que seuls les magasins canadiens agr\u00e9\u00e9s sont indiqu\u00e9s. <\/span><\/p>\n<h3>\u00c0 NOS PR\u00c9CIEUX UTILISATEURS<\/h3>\n<p>Voici une liste des marchands Ricoh\/Pentax <a href=\"https:\/\/www.ricoh-imaging.ca\/wp-content\/uploads\/2023\/01\/Ricoh-Imaging-Canada-Authorized-Dealer-List-230118F.pdf\" target=\"_blank\" rel=\"noopener noreferrer\">agr\u00e9\u00e9s<\/a> et des marchands <a href=\"https:\/\/www.ricoh-imaging.ca\/wp-content\/uploads\/2023\/01\/Ricoh-Imaging-Canada-Unauthorized-Dealer-List-220207F.pdf\" target=\"_blank\" rel=\"noopener noreferrer\">non-agr\u00e9\u00e9s<\/a>. Les achats de produits Ricoh\/Pentax devraient \u00eatre faits aupr\u00e8s des d\u00e9taillants agr\u00e9\u00e9s qui re\u00e7oivent leurs produits directement de nous ainsi que la formation et le soutien n\u00e9cessaire afin d&rsquo;assurer l&rsquo;int\u00e9grit\u00e9 du produit. Nous ne pouvons garantir une telle exp\u00e9rience chez un marchand non-agr\u00e9\u00e9 et si les produits sont modifi\u00e9s de quelle que mani\u00e8re que ce soit, la garantie est annul\u00e9e. De fait, les achats faits aupr\u00e8s de marchands non-agr\u00e9\u00e9s ne sont pas couverts par la garantie.<\/p>\n<style>\r\n\t#wpsl-stores .wpsl-store-thumb {height:45px !important; width:45px !important;}\r\n\t#wpsl-stores, #wpsl-direction-details, #wpsl-gmap {height:350px !important;}\r\n\t#wpsl-gmap .wpsl-info-window {max-width:225px !important;}\r\n\t.wpsl-input label, #wpsl-radius label, #wpsl-category label {width:95px;}\r\n\t#wpsl-search-input  {width:179px;}\r\n<\/style>\r\n<div id=\"wpsl-wrap\" class=\"wpsl-store-below\">\r\n\t<div class=\"wpsl-search wpsl-clearfix \">\r\n\t\t<div id=\"wpsl-search-wrap\">\r\n\t\t\t<form autocomplete=\"off\">\r\n\t\t\t<div class=\"wpsl-input\">\r\n\t\t\t\t<div><label for=\"wpsl-search-input\">Votre emplacement<\/label><\/div>\r\n\t\t\t\t<input id=\"wpsl-search-input\" type=\"text\" value=\"\" name=\"wpsl-search-input\" placeholder=\"\" aria-required=\"true\" \/>\r\n\t\t\t<\/div>\r\n\t\t\t<div class=\"wpsl-select-wrap\">\r\n\t\t\t\t<div id=\"wpsl-radius\">\r\n\t\t\t\t\t<label for=\"wpsl-radius-dropdown\">P\u00e9rim\u00e8tre de recherche<\/label>\r\n\t\t\t\t\t<select id=\"wpsl-radius-dropdown\" class=\"wpsl-dropdown\" name=\"wpsl-radius\">\r\n\t\t\t\t\t\t<option selected=\"selected\" value=\"10\">10 km<\/option><option value=\"25\">25 km<\/option><option value=\"50\">50 km<\/option><option value=\"100\">100 km<\/option><option value=\"150\">150 km<\/option><option value=\"200\">200 km<\/option><option value=\"250\">250 km<\/option>\r\n\t\t\t\t\t<\/select>\r\n\t\t\t\t<\/div>\r\n\t\t\t\t<div id=\"wpsl-results\">\r\n\t\t\t\t\t<label for=\"wpsl-results-dropdown\">R\u00e9sultats<\/label>\r\n\t\t\t\t\t<select id=\"wpsl-results-dropdown\" class=\"wpsl-dropdown\" name=\"wpsl-results\">\r\n\t\t\t\t\t\t<option selected=\"selected\" value=\"25\">25<\/option><option value=\"50\">50<\/option><option value=\"75\">75<\/option><option value=\"100\">100<\/option>\r\n\t\t\t\t\t<\/select>\r\n\t\t\t\t<\/div>\r\n\t\t\t<\/div>\r\n\t\t\t\t<div class=\"wpsl-search-btn-wrap\"><input id=\"wpsl-search-btn\" type=\"submit\" value=\"Rechercher\"><\/div>\r\n\t\t<\/form>\r\n\t\t<\/div>\r\n\t<\/div>\r\n\t<div id=\"wpsl-gmap\" class=\"wpsl-gmap-canvas\"><\/div>\r\n\t<div id=\"wpsl-result-list\">\r\n\t\t<div id=\"wpsl-stores\" >\r\n\t\t\t<ul><\/ul>\r\n\t\t<\/div>\r\n\t\t<div id=\"wpsl-direction-details\">\r\n\t\t\t<ul><\/ul>\r\n\t\t<\/div>\r\n\t<\/div>\r\n<\/div>\r\n\n","protected":false},"excerpt":{"rendered":"<p>D\u00e9taillants agr\u00e9\u00e9s de Ricoh Imaging Canada Inc Pour trouver un d\u00e9taillant agr\u00e9\u00e9 Ricoh Imaging pr\u00e8s de chez vous, entrez votre code postal et le produit s\u00e9lectionn\u00e9. Une liste des marchands agr\u00e9\u00e9s Ricoh Imaging de votre r\u00e9gion appara\u00eetra. *Veuillez noter que seuls les magasins canadiens agr\u00e9\u00e9s sont indiqu\u00e9s. \u00c0 NOS PR\u00c9CIEUX UTILISATEURS Voici une liste des [&hellip;]<\/p>\n","protected":false},"author":2,"featured_media":0,"parent":0,"menu_order":0,"comment_status":"closed","ping_status":"closed","template":"page-templates\/page_fullwidth_2.php","meta":{"_acf_changed":false,"footnotes":""},"class_list":["post-2215","page","type-page","status-publish","hentry"],"acf":[],"_links":{"self":[{"href":"https:\/\/www.ricoh-imaging.ca\/fr\/wp-json\/wp\/v2\/pages\/2215","targetHints":{"allow":["GET"]}}],"collection":[{"href":"https:\/\/www.ricoh-imaging.ca\/fr\/wp-json\/wp\/v2\/pages"}],"about":[{"href":"https:\/\/www.ricoh-imaging.ca\/fr\/wp-json\/wp\/v2\/types\/page"}],"author":[{"embeddable":true,"href":"https:\/\/www.ricoh-imaging.ca\/fr\/wp-json\/wp\/v2\/users\/2"}],"replies":[{"embeddable":true,"href":"https:\/\/www.ricoh-imaging.ca\/fr\/wp-json\/wp\/v2\/comments?post=2215"}],"version-history":[{"count":9,"href":"https:\/\/www.ricoh-imaging.ca\/fr\/wp-json\/wp\/v2\/pages\/2215\/revisions"}],"predecessor-version":[{"id":7932,"href":"https:\/\/www.ricoh-imaging.ca\/fr\/wp-json\/wp\/v2\/pages\/2215\/revisions\/7932"}],"wp:attachment":[{"href":"https:\/\/www.ricoh-imaging.ca\/fr\/wp-json\/wp\/v2\/media?parent=2215"}],"curies":[{"name":"wp","href":"https:\/\/api.w.org\/{rel}","templated":true}]}}