{"id":2225,"date":"2018-12-14T15:58:42","date_gmt":"2018-12-14T15:58:42","guid":{"rendered":"https:\/\/www.ricoh-imaging.ca\/?page_id=2225"},"modified":"2018-12-14T15:58:42","modified_gmt":"2018-12-14T15:58:42","slug":"politique-de-protection-de-la-vie-privee","status":"publish","type":"page","link":"https:\/\/www.ricoh-imaging.ca\/fr\/politique-de-protection-de-la-vie-privee\/","title":{"rendered":"Politique de protection de la vie priv\u00e9e"},"content":{"rendered":"<p>Nous vous remercions d\u2019avoir visit\u00e9 ricoh-imaging.ca, le site web de RICOH IMAGING CANADA INC. Chez ricoh-imaging.ca nous respectons votre vie priv\u00e9e. Cette page vous donnera un aper\u00e7u de notre politique sur la vie priv\u00e9e, quels sont les renseignements que nous recueillons lorsque vous visitez notre site et comment cette information est utilis\u00e9e, comment vous pouvez nous contacter pour \u00eatre retir\u00e9 d\u2019une liste d\u2019envoi postal auquel vous vous \u00eates inscrit et un avis g\u00e9n\u00e9ral de non responsabilit\u00e9 concernant l\u2019utilisation du contenu de notre site. Si vous avez des questions quelconques auxquelles nous n\u2019avons pas r\u00e9pondues ici, n\u2019h\u00e9sitez pas \u00e0 nous les poser directement.<\/p>\n<h3>Renseignements g\u00e9n\u00e9raux que nous recueillons<\/h3>\n<p>Chaque fois que vous visitez ricoh-imaging.ca nous recueillons des renseignements g\u00e9n\u00e9raux au sujet de votre site \u2013 le site \u00e0 partir duquel vous venez, les pages ou zones que vous avez visit\u00e9es sur notre site, et combien de temps vous \u00eates rest\u00e9 dans un emplacement particulier sur le site. Cette information nous aidera \u00e0 identifier les domaines populaires de notre site ainsi que les zones qui pourraient \u00eatre raffin\u00e9es de fa\u00e7on \u00e0 ce que nous puissions garder le contenu de ce site frais et valable et int\u00e9ressant pour nos utilisateurs. De nombreuses am\u00e9liorations et mises \u00e0 jour au site sont bas\u00e9es sur ces donn\u00e9es. Nous ne recueillons pas de l\u2019information identifiable personnellement \u00e0 votre sujet sauf lorsque vous d\u00e9cidez express\u00e9ment de le faire dans des circonstances sp\u00e9ciales d\u00e9crites ci-dessous, comme par exemple de participer \u00e0 un concours.<\/p>\n<h3>Utilisez-vous des mouchards \u00e9lectroniques ?<\/h3>\n<p>Oui, mais seulement pour recueillir les informations susmentionn\u00e9es. De plus, nous utilisons le service de Google Analytics pour mesurer le trafic et pour obtenir le comportement anonyme des visiteurs. Pour accomplir cela, Google Analytics utilise des mouchards \u00e9lectroniques persistants mais anonymes. Ces mouchards \u00e9lectroniques sont des fichiers de texte qui sont sauvegard\u00e9s par votre fureteur (par ex., Internet Explorer) et mis en m\u00e9moire sur le disque rigide de votre ordinateur. Ces mouchards ne posent pas de menace pour votre ordinateur. Comme nous l\u2019avons indiqu\u00e9 ci-dessus, les mouchards \u00e9lectroniques n\u2019identifient pas, ne surveillent pas ou ne retracent pas d\u2019information identifiable personnellement. Pour en apprendre plus au sujet de la mani\u00e8re dont cette information est utilis\u00e9e ou pour lire la politique de protection de vie priv\u00e9e de Google Analytics, allez \u00e0 http:\/\/www.google.com\/privacy.html.<\/p>\n<p>La plupart des fureteurs sur le web acceptent automatiquement les mouchards \u00e9lectroniques sans demander \u00e0 l\u2019utilisateur si il\/elle veut les accepter, mais vous pouvez g\u00e9n\u00e9ralement changer votre fureteur pour vous aviser \u00e0 quel moment il y a un mouchard \u00e9lectronique, si bien que vous pouvez choisir si oui ou non vous voulez accepter ou refuser le mouchard \u00e9lectronique. Si vous choisissez de refuser l\u2019un de nos mouchards, vous pourrez tout de m\u00eame utiliser les caract\u00e9ristiques de notre site.<\/p>\n<h3>Nous recueillons des donn\u00e9es personnelles SEULEMENT \u00e0 votre demande<\/h3>\n<p>Si, \u00e0 un certain point durant votre visite \u00e0 ricoh-imaging.ca vous d\u00e9cidez de participer \u00e0 un concours ou \u00e0 une promotion, de commander des brochures, de t\u00e9l\u00e9charger des documents ou autre logiciel, ou si vous choisissez de nous contacter pour quelque raison que ce soit, nous pouvons demander des renseignements personnels tels que vos nom, adresse et adresse de courriel. Nous pouvons \u00e9galement vous demander des informations au sujet de vos int\u00e9r\u00eats, opinions et ant\u00e9c\u00e9dents, de fa\u00e7on \u00e0 ce que nous puissions faire une meilleure interaction avec vous \u00e0 l\u2019avenir et mieux comprendre vos besoins en tant que client. La fourniture de tels renseignements est toujours optionnelle de votre part.<\/p>\n<h3>Comment \u00eatre retir\u00e9 de notre liste d\u2019envoi apr\u00e8s vous y \u00eatre abonn\u00e9.<\/h3>\n<p>Lorsque vous nous soumettez les renseignements personnels, vous pouvez choisir \u00e9galement d\u2019\u00eatre avis\u00e9 par courriel de tout produits et services suppl\u00e9mentaires offerts par RICOH IMAGING CANADA INC. Si, \u00e0 un moment quelconque, apr\u00e8s avoir sign\u00e9 pour notre liste d\u2019envoi, vous pr\u00e9f\u00e9rez \u00eatre retir\u00e9 de la liste d\u2019envoi, vous pouvez toujours envoyer un message \u00e0 <a href=\"mailto:support@ricoh-imaging.ca\">support@ricoh-imaging.ca<\/a> et demandez d\u2019\u00eatre retir\u00e9 de notre liste. Ou, vous pouvez simplement r\u00e9pondre \u00e0 un courriel venant de nous et tapez ENLEVER (REMOVE) dans la ligne du sujet.<\/p>\n<h3>Politique de divulgation<\/h3>\n<p>L\u2019information recueillie \u00e0 ricoh-imaging.ca ne sera pas vendue, lou\u00e9e, pr\u00eat\u00e9e ou autrement divulgu\u00e9e \u00e0 quiconque autre qu\u2019aux d\u00e9taillants de RICOH IMAGING CANADA INC. (pour les fins d\u2019une vente de produit ouverte par le client), les compagnies affili\u00e9es \u00e0 RICOH IMAGING CANADA INC. \u2013 qui comprennent RICOH IMAGING COMPANY, LTD. (La compagnie m\u00e8re de RICOH IMAGING CANADA INC.) \u2013 et les filiales directes et indirectes de RICOH IMAGING CANADA INC. Tout renseignement personnel que vous choisissez de nous donner est utilis\u00e9 seulement pour r\u00e9aliser le service que vous avez demand\u00e9, tel que commander un document ou vous abonner \u00e0 une liste d\u2019envoi.<\/p>\n","protected":false},"excerpt":{"rendered":"<p>Nous vous remercions d\u2019avoir visit\u00e9 ricoh-imaging.ca, le site web de RICOH IMAGING CANADA INC. Chez ricoh-imaging.ca nous respectons votre vie priv\u00e9e. Cette page vous donnera un aper\u00e7u de notre politique sur la vie priv\u00e9e, quels sont les renseignements que nous recueillons lorsque vous visitez notre site et comment cette information est utilis\u00e9e, comment vous pouvez [&hellip;]<\/p>\n","protected":false},"author":2,"featured_media":0,"parent":0,"menu_order":0,"comment_status":"closed","ping_status":"closed","template":"","meta":{"_acf_changed":false,"footnotes":""},"class_list":["post-2225","page","type-page","status-publish","hentry"],"acf":[],"_links":{"self":[{"href":"https:\/\/www.ricoh-imaging.ca\/fr\/wp-json\/wp\/v2\/pages\/2225","targetHints":{"allow":["GET"]}}],"collection":[{"href":"https:\/\/www.ricoh-imaging.ca\/fr\/wp-json\/wp\/v2\/pages"}],"about":[{"href":"https:\/\/www.ricoh-imaging.ca\/fr\/wp-json\/wp\/v2\/types\/page"}],"author":[{"embeddable":true,"href":"https:\/\/www.ricoh-imaging.ca\/fr\/wp-json\/wp\/v2\/users\/2"}],"replies":[{"embeddable":true,"href":"https:\/\/www.ricoh-imaging.ca\/fr\/wp-json\/wp\/v2\/comments?post=2225"}],"version-history":[{"count":1,"href":"https:\/\/www.ricoh-imaging.ca\/fr\/wp-json\/wp\/v2\/pages\/2225\/revisions"}],"predecessor-version":[{"id":2226,"href":"https:\/\/www.ricoh-imaging.ca\/fr\/wp-json\/wp\/v2\/pages\/2225\/revisions\/2226"}],"wp:attachment":[{"href":"https:\/\/www.ricoh-imaging.ca\/fr\/wp-json\/wp\/v2\/media?parent=2225"}],"curies":[{"name":"wp","href":"https:\/\/api.w.org\/{rel}","templated":true}]}}