{"id":3537,"date":"2018-09-04T16:52:17","date_gmt":"2018-09-04T16:52:17","guid":{"rendered":"https:\/\/www.ricoh-imaging.ca\/?page_id=3537"},"modified":"2021-04-16T16:19:40","modified_gmt":"2021-04-16T16:19:40","slug":"enregistrez-votre-produit-de-ricoh-imaging","status":"publish","type":"page","link":"https:\/\/www.ricoh-imaging.ca\/fr\/enregistrez-votre-produit-de-ricoh-imaging\/","title":{"rendered":"Enregistrez votre produit de Ricoh Imaging"},"content":{"rendered":"<p>Merci d&rsquo;avoir achet\u00e9 un produit de RICOH IMAGING et de prendre le temps de l&rsquo;enregistrer. L&rsquo;enregistrement ne prend que quelques minutes et fournit \u00e0 RICOH IMAGING des informations utiles pour le d\u00e9veloppement des futurs produits et leurs caract\u00e9ristiques.<\/p>\n<p><strong>Cet enregistrement s&rsquo;adresse uniquement aux r\u00e9sidents canadiens.<\/strong><br \/>\nSi vous demeurez \u00e0 l&rsquo;ext\u00e9rieur du Canada, veillez visiter le site web Ricoh de votre pays pour l&rsquo;enregistrement en ligne ou la proc\u00e9dure pour enregistrer votre produit de Ricoh Imaging.<br \/>\n<a href=\"http:\/\/www.ricoh-imaging.com\/\" target=\"_blank\" rel=\"noopener\">Cliquez ici<\/a> pour rejoindre un Repr\u00e9sentant de RICOH IMAGING de votre r\u00e9gion.<\/p>\n<p class=\"note\">* indique champ obligatoire pour l\u2019enregistrement<\/p>\n<div class=\"frm_forms  with_frm_style frm_style_formidable-style\" id=\"frm_form_9_container\" >\n<form enctype=\"multipart\/form-data\" method=\"post\" class=\"frm-show-form  frm_pro_form \" id=\"form_contact-form2bb8a5030ee\" >\n<div class=\"frm_form_fields \">\n<fieldset>\n<legend class=\"frm_screen_reader\">Enregistrez<\/legend>\r\n\r\n\r\n\r\n<h3 class=\"section-header\">Renseignements personnels<\/h3><div class=\"frm_fields_container\">\n<input type=\"hidden\" name=\"frm_action\" value=\"create\" \/>\n<input type=\"hidden\" name=\"form_id\" value=\"9\" \/>\n<input type=\"hidden\" name=\"frm_hide_fields_9\" id=\"frm_hide_fields_9\" value=\"\" \/>\n<input type=\"hidden\" name=\"form_key\" value=\"contact-form2bb8a5030ee\" \/>\n<input type=\"hidden\" name=\"item_meta[0]\" value=\"\" \/>\n<input type=\"hidden\" id=\"frm_submit_entry_9\" name=\"frm_submit_entry_9\" value=\"82f15f7777\" \/><input type=\"hidden\" name=\"_wp_http_referer\" value=\"\/fr\/wp-json\/wp\/v2\/pages\/3537\" \/><div class=\"row\">\r\n<div class=\"col-sm-4\">\r\n<div id=\"frm_field_120_container\" class=\"frm_form_field form-field  frm_required_field frm_top_container\">\r\n    <label for=\"field_wdg5s867ee4c66a\" class=\"frm_primary_label\">* Pr\u00e9nom:\r\n        <span class=\"frm_required\"><\/span>\r\n    <\/label>\r\n    <input  type=\"text\" id=\"field_wdg5s867ee4c66a\" name=\"item_meta[120]\" value=\"\"  data-reqmsg=\"* Pr\u00e9nom: cannot be blank.\" aria-required=\"true\" data-invmsg=\"Text is invalid\" aria-invalid=\"false\"   \/>\r\n    \r\n    \r\n<\/div>\r\n<\/div>\n<div class=\"col-sm-4\">\r\n<div id=\"frm_field_121_container\" class=\"frm_form_field form-field  frm_required_field frm_top_container\">\r\n    <label for=\"field_r33o6f7e09f9995\" class=\"frm_primary_label\">* Nom de famille:\r\n        <span class=\"frm_required\"><\/span>\r\n    <\/label>\r\n    <input  type=\"text\" id=\"field_r33o6f7e09f9995\" name=\"item_meta[121]\" value=\"\"  data-reqmsg=\"* Nom de famille: cannot be blank.\" aria-required=\"true\" data-invmsg=\"Text is invalid\" aria-invalid=\"false\"   \/>\r\n    \r\n    \r\n<\/div>\r\n<\/div>\r\n<\/div>\n<div class=\"row\">\r\n<div class=\"col-sm-8\">\r\n<div id=\"frm_field_122_container\" class=\"frm_form_field form-field  frm_required_field frm_top_container\">\r\n    <label for=\"field_bfhr\" id=\"field_bfhr_label\" class=\"frm_primary_label\">Adresse:\r\n        <span class=\"frm_required\" aria-hidden=\"true\">*<\/span>\r\n    <\/label>\r\n    <input  type=\"text\" id=\"field_bfhr\" name=\"item_meta[122]\" value=\"\"  data-reqmsg=\"Adresse: cannot be blank.\" aria-required=\"true\" data-invmsg=\"Text is invalid\" aria-invalid=\"false\"   \/>\r\n    \r\n    \r\n<\/div>\r\n<\/div>\r\n<\/div>\n<div class=\"row\">\r\n<div class=\"col-sm-4\">\r\n<div id=\"frm_field_123_container\" class=\"frm_form_field form-field  frm_required_field frm_top_container\">\r\n    <label for=\"field_3t36d0f1888fd4c\" class=\"frm_primary_label\">* Ville:\r\n        <span class=\"frm_required\"><\/span>\r\n    <\/label>\r\n    <input  type=\"text\" id=\"field_3t36d0f1888fd4c\" name=\"item_meta[123]\" value=\"\"  data-reqmsg=\"* Ville: cannot be blank.\" aria-required=\"true\" data-invmsg=\"Text is invalid\" aria-invalid=\"false\"   \/>\r\n    \r\n    \r\n<\/div>\r\n<\/div>\n<div class=\"col-sm-4\">\r\n<div id=\"frm_field_124_container\" class=\"frm_form_field form-field  frm_required_field frm_top_container\">\r\n    <label for=\"field_n03n783c25970c1\" class=\"frm_primary_label\">* Province:\r\n        <span class=\"frm_required\"><\/span>\r\n    <\/label>\r\n    \t\t<select name=\"item_meta[124]\" id=\"field_n03n783c25970c1\"  data-frmval=\"-- Province --\" data-reqmsg=\"* Province: cannot be blank.\" aria-required=\"true\" data-invmsg=\"* Province: est non valide\" aria-invalid=\"false\"  >\n\t\t<option  value=\"-- Province --\" selected='selected'>-- Province --<\/option><option  value=\"British Columbia\">British Columbia<\/option><option  value=\"Alberta\">Alberta<\/option><option  value=\"Saskatchewan\">Saskatchewan<\/option><option  value=\"Manitoba\">Manitoba<\/option><option  value=\"Ontario\">Ontario<\/option><option  value=\"Quebec\">Quebec<\/option><option  value=\"Nova Scotia\">Nova Scotia<\/option><option  value=\"New Brunswick\">New Brunswick<\/option><option  value=\"Prince Edward Island\">Prince Edward Island<\/option><option  value=\"Newfoundland\">Newfoundland<\/option><option  value=\"Yukon\">Yukon<\/option><option  value=\"Northwest Territory\">Northwest Territory<\/option><option  value=\"Nunavut\">Nunavut<\/option>\t<\/select>\n\t\r\n    \r\n    \r\n<\/div>\r\n<\/div>\r\n<\/div>\n<div class=\"row\">\r\n<div class=\"col-sm-4\">\r\n<div id=\"frm_field_125_container\" class=\"frm_form_field form-field  frm_required_field frm_top_container\">\r\n    <label for=\"field_rxdl0f1d9e9e887\" class=\"frm_primary_label\">* Code postal:\r\n        <span class=\"frm_required\"><\/span>\r\n    <\/label>\r\n    <input  type=\"text\" id=\"field_rxdl0f1d9e9e887\" name=\"item_meta[125]\" value=\"\"  data-reqmsg=\"* Code postal: cannot be blank.\" aria-required=\"true\" data-invmsg=\"Text is invalid\" aria-invalid=\"false\"   \/>\r\n    \r\n    \r\n<\/div>\r\n<\/div>\n<div class=\"col-sm-4\">\r\n<div id=\"frm_field_126_container\" class=\"frm_form_field form-field  frm_required_field frm_top_container\">\r\n    <label for=\"field_uxrdl9ce6f3986e\" class=\"frm_primary_label\">* T\u00e9l\u00e9phone:\r\n        <span class=\"frm_required\"><\/span>\r\n    <\/label>\r\n    <input  type=\"text\" id=\"field_uxrdl9ce6f3986e\" name=\"item_meta[126]\" value=\"\"  data-reqmsg=\"* T\u00e9l\u00e9phone: cannot be blank.\" aria-required=\"true\" data-invmsg=\"Text is invalid\" aria-invalid=\"false\"   \/>\r\n    \r\n    \r\n<\/div>\r\n<\/div>\r\n<\/div>\n<div class=\"row\">\r\n<div class=\"col-sm-4\">\r\n<div id=\"frm_field_127_container\" class=\"frm_form_field form-field  frm_required_field frm_top_container\">\r\n    <label for=\"field_ndsp45efb5f20cc\" class=\"frm_primary_label\">* Adresse de courriel:\r\n        <span class=\"frm_required\"><\/span>\r\n    <\/label>\r\n    <input type=\"email\" id=\"field_ndsp45efb5f20cc\" name=\"item_meta[127]\" value=\"\"  data-reqmsg=\"* Adresse de courriel: cannot be blank.\" aria-required=\"true\" data-invmsg=\"Email is invalid\" aria-invalid=\"false\"  \/>\r\n    \r\n    \r\n<\/div>\r\n<\/div>\r\n<\/div>\n<div class=\"row\">\r\n<div class=\"col-sm-4\">\r\n<div id=\"frm_field_128_container\" class=\"frm_form_field form-field  frm_top_container vertical_radio\">\r\n    <div class=\"frm_opt_container\"><strong>\t\t<div class=\"frm_checkbox\" id=\"frm_checkbox_128-0\">\t\t\t<label  for=\"field_rlkkr8bdba34d30-0\">\n\t\t\t<input type=\"checkbox\" name=\"item_meta[128][]\" id=\"field_rlkkr8bdba34d30-0\" value=\"Ajoutez mon nom pour recevoir nouvelles et promotions de Ricoh Imaging par courriel.\"  data-invmsg=\"Ricoh Imaging news and events. est non valide\"   \/> Ajoutez mon nom pour recevoir nouvelles et promotions de Ricoh Imaging par courriel.<\/label><\/div>\n<\/strong><\/div>\r\n    \r\n    \r\n<\/div>\r\n<\/div>\r\n<\/div>\r\n\n<h3 class=\"section-header\">Renseignements sur l'appareil<\/h3>\n<div id=\"frm_field_129_container\" class=\"frm_form_field  frm_html_container form-field\">\n<div style=\"color:#333; font-size:12px; width:686px; max-width:100%\">\n<p><b>NOTA: La garantie n'est valable que pour les produits achet\u00e9s aupr\u00e8s d'un D\u00e9taillant agr\u00e9\u00e9 de Ricoh\/Pentax. Cliquez ici pour voir la liste des D\u00e9taillants <a target=\"_blank\"   href=\"https:\/\/www.ricoh-imaging.ca\/wp-content\/uploads\/2023\/01\/Ricoh-Imaging-Canada-Authorized-Dealer-List-230118F.pdf\" target=\"_blank\">agr\u00e9\u00e9s<\/a> et <a href=\"https:\/\/www.ricoh-imaging.ca\/wp-content\/uploads\/2023\/01\/Ricoh-Imaging-Canada-Unauthorized-Dealer-List-220207F.pdf\" target=\"_blank\">non-agr\u00e9\u00e9s<\/a>.<\/b><\/p>\n<p><b>Conservez vos re\u00e7us originaux dans un endroit s\u00e9curitaire puisqu'ils seront requis comme preuve d'achat aux fins de la garantie.<\/b><\/p>\n<\/div>\n<\/div>\n<div class=\"row\">\r\n<div class=\"col-sm-4\">\r\n<div id=\"frm_field_130_container\" class=\"frm_form_field form-field  frm_required_field frm_top_container\">\r\n    <label for=\"field_7gon952bcb1949a\" class=\"frm_primary_label\">* Veuillez s\u00e9lectionner votre mod\u00e8le:\r\n        <span class=\"frm_required\"><\/span>\r\n    <\/label>\r\n    \t\t<select name=\"item_meta[130]\" id=\"field_7gon952bcb1949a\"  data-reqmsg=\"* Veuillez s\u00e9lectionner votre mod\u00e8le: cannot be blank.\" aria-required=\"true\" data-invmsg=\"* Veuillez s\u00e9lectionner votre mod\u00e8le: est non valide\" aria-invalid=\"false\"  >\n\t\t<option  value=\"\" selected='selected'>-- Choisir--<\/option><option  value=\"Autre Ricoh Imaging Produit\">Autre Ricoh Imaging Produit<\/option><option  value=\"\" selected='selected'>-- Appareils Photos 360\u00b0 --<\/option><option  value=\"Theta SC2\">Theta SC2<\/option><option  value=\"Theta Z1 51GB\">Theta Z1 51GB<\/option><option  value=\"Theta Z1\">Theta Z1<\/option><option  value=\"Theta V\">Theta V<\/option><option  value=\"Theta X\">Theta X<\/option><option  value=\"\" selected='selected'>-- Appareils Photos --<\/option><option  value=\"645Z\">645Z<\/option><option  value=\"K-1 Mark II\">K-1 Mark II<\/option><option  value=\"K-3 Mark III\">K-3 Mark III<\/option><option  value=\"KP\">KP<\/option><option  value=\"K-70\">K-70<\/option><option  value=\"GRIIIx\">GRIIIx<\/option><option  value=\"GR III\">GR III<\/option><option  value=\"GR II\">GR II<\/option><option  value=\"WG-6\">WG-6<\/option><option  value=\"WG-60\">WG-60<\/option><option  value=\"WG-70\">WG-70<\/option><option  value=\"WG-80\">WG-80<\/option><option  value=\"\" selected='selected'>-- Objectifs --<\/option><option  value=\"smc PENTAX DA 14mm F2.8 ED IF\">smc PENTAX DA 14mm F2.8 ED IF<\/option><option  value=\"HD PENTAX-DA 15mm F4 ED AL Limited\">HD PENTAX-DA 15mm F4 ED AL Limited<\/option><option  value=\"HD PENTAX-D FA 21mmF2.4ED Limited DC WR\">HD PENTAX-D FA 21mmF2.4ED Limited DC WR<\/option><option  value=\"HD PENTAX-DA 21mm F3.2 AL Limited\">HD PENTAX-DA 21mm F3.2 AL Limited<\/option><option  value=\"HD PENTAX-FA 31mm F1.8 Limited\">HD PENTAX-FA 31mm F1.8 Limited<\/option><option  value=\"smc PENTAX FA 31mm F1.8 Limited\">smc PENTAX FA 31mm F1.8 Limited<\/option><option  value=\"HD PENTAX-FA 35mm F2\">HD PENTAX-FA 35mm F2<\/option><option  value=\"smc PENTAX DA 35mm F2.4 AL\">smc PENTAX DA 35mm F2.4 AL<\/option><option  value=\"HD PENTAX-DA 35mm F2.8 Macro Ltd\">HD PENTAX-DA 35mm F2.8 Macro Ltd<\/option><option  value=\"smc PENTAX DA 40mm F2.8 XS\">smc PENTAX DA 40mm F2.8 XS<\/option><option  value=\"HD PENTAX-DA 40mm F2.8 Limited\">HD PENTAX-DA 40mm F2.8 Limited<\/option><option  value=\"HD PENTAX-FA 43mm F1.9 Limited\">HD PENTAX-FA 43mm F1.9 Limited<\/option><option  value=\"smc PENTAX FA 43mm F1.9 Limited\">smc PENTAX FA 43mm F1.9 Limited<\/option><option  value=\"smc PENTAX DA 50mm F1.8\">smc PENTAX DA 50mm F1.8<\/option><option  value=\"smc PENTAX FA 50mm F1.4\">smc PENTAX FA 50mm F1.4<\/option><option  value=\"HD PENTAX-D FA* 50mm F1.4 SDM AW\">HD PENTAX-D FA* 50mm F1.4 SDM AW<\/option><option  value=\"smc PENTAX D FA 50mm F2.8 Macro\">smc PENTAX D FA 50mm F2.8 Macro<\/option><option  value=\"smc PENTAX DA* 55mm F1.4 SDM\">smc PENTAX DA* 55mm F1.4 SDM<\/option><option  value=\"HD PENTAX-DA 70mm F2.4 Limited\">HD PENTAX-DA 70mm F2.4 Limited<\/option><option  value=\"HD PENTAX-FA 77mm F1.8 Limited\">HD PENTAX-FA 77mm F1.8 Limited<\/option><option  value=\"smc PENTAX FA 77mm F1.8 Limited\">smc PENTAX FA 77mm F1.8 Limited<\/option><option  value=\"HD PENTAX-D FA* 85mm F1.4 ED SDM AW\">HD PENTAX-D FA* 85mm F1.4 ED SDM AW<\/option><option  value=\"smc PENTAX D FA 100mm F2.8 Macro WR\">smc PENTAX D FA 100mm F2.8 Macro WR<\/option><option  value=\"smc PENTAX DA* 200mm F2.8 ED IF SDM\">smc PENTAX DA* 200mm F2.8 ED IF SDM<\/option><option  value=\"smc PENTAX DA* 300mm F4 ED IF SDM\">smc PENTAX DA* 300mm F4 ED IF SDM<\/option><option  value=\"HD PENTAX DA 560mm F5.6 ED AW\">HD PENTAX DA 560mm F5.6 ED AW<\/option><option  value=\"HD PENTAX-DA Fish-Eye 10-17mm F3.5-4.5 ED\">HD PENTAX-DA Fish-Eye 10-17mm F3.5-4.5 ED<\/option><option  value=\"HD PENTAX-DA* 11-18mm F2.8 ED DC AW\">HD PENTAX-DA* 11-18mm F2.8 ED DC AW<\/option><option  value=\"HD PENTAX-D FA 15-30mm F2.8 ED SDM WR\">HD PENTAX-D FA 15-30mm F2.8 ED SDM WR<\/option><option  value=\"HD PENTAX-DA*16-50mm F2.8ED PLM AW\">HD PENTAX-DA*16-50mm F2.8ED PLM AW<\/option><option  value=\"smc PENTAX DA* 16-50mm F2.8 ED AL IF SDM\">smc PENTAX DA* 16-50mm F2.8 ED AL IF SDM<\/option><option  value=\"HD PENTAX-DA 16-85mm F3.5-5.6ED DC WR\">HD PENTAX-DA 16-85mm F3.5-5.6ED DC WR<\/option><option  value=\"smc PENTAX DA 17-70mm F4 AL IF SDM\">smc PENTAX DA 17-70mm F4 AL IF SDM<\/option><option  value=\"HD PENTAX-DA18-50mm F4-5.6 DC WR RE\">HD PENTAX-DA18-50mm F4-5.6 DC WR RE<\/option><option  value=\"smc PENTAX DA 18-55mm F3.5-5.6 AL WR\">smc PENTAX DA 18-55mm F3.5-5.6 AL WR<\/option><option  value=\"smc PENTAX DA 18-135mm F3.5-5.6 AL IF (DC) WR\">smc PENTAX DA 18-135mm F3.5-5.6 AL IF (DC) WR<\/option><option  value=\"smc PENTAX DA 18-270mm F3.5-6.3 ED SDM\">smc PENTAX DA 18-270mm F3.5-6.3 ED SDM<\/option><option  value=\"HD PENTAX-DA 20-40mm F2.8-4 ED Limited DC WR\">HD PENTAX-DA 20-40mm F2.8-4 ED Limited DC WR<\/option><option  value=\"HD PENTAX-D FA 24-70mm F2.8 ED SDM WR\">HD PENTAX-D FA 24-70mm F2.8 ED SDM WR<\/option><option  value=\"HD PENTAX-D FA 28-105mm F3.5-5.6 ED DC WR\">HD PENTAX-D FA 28-105mm F3.5-5.6 ED DC WR<\/option><option  value=\"smc PENTAX DA 50-200mm F4-5.6 ED WR\">smc PENTAX DA 50-200mm F4-5.6 ED WR<\/option><option  value=\"smc PENTAX DA* 50-135mm F2.8 ED IF SDM\">smc PENTAX DA* 50-135mm F2.8 ED IF SDM<\/option><option  value=\"HD PENTAX-DA 55-300mm F4-5.8 ED WR\">HD PENTAX-DA 55-300mm F4-5.8 ED WR<\/option><option  value=\"HD PENTAX-DA 55-300mm F4.5-6.3ED PLM WR RE\">HD PENTAX-DA 55-300mm F4.5-6.3ED PLM WR RE<\/option><option  value=\"smc PENTAX DA* 60-250mm F4 IF SDM\">smc PENTAX DA* 60-250mm F4 IF SDM<\/option><option  value=\"HD PENTAX-D FA*70-200mm F2.8 ED DC AW\">HD PENTAX-D FA*70-200mm F2.8 ED DC AW<\/option><option  value=\"HD PENTAX-D FA 70-210mm F4 ED SDM WR\">HD PENTAX-D FA 70-210mm F4 ED SDM WR<\/option><option  value=\"HD PENTAX-D FA 150-450mm F4.5-5.6ED DC AW\">HD PENTAX-D FA 150-450mm F4.5-5.6ED DC AW<\/option><option  value=\"HD PENTAX D FA 645 35mm F3.5 AL[IF]\">HD PENTAX D FA 645 35mm F3.5 AL[IF]<\/option><option  value=\"PENTAX  FA 645 45mm F2.8\">PENTAX  FA 645 45mm F2.8<\/option><option  value=\"PENTAX D FA 645 55 F2.8 AL [IF] SDM AW\">PENTAX D FA 645 55 F2.8 AL [IF] SDM AW<\/option><option  value=\"PENTAX  FA 645 75mm F2.8\">PENTAX  FA 645 75mm F2.8<\/option><option  value=\"PENTAX D FA 645 MACRO 90mm F2.8 ED AW SR\">PENTAX D FA 645 MACRO 90mm F2.8 ED AW SR<\/option><option  value=\"PENTAX FA 645 Macro 120mm F4.0\">PENTAX FA 645 Macro 120mm F4.0<\/option><option  value=\"PENTAX  FA 645 150mm F2.8  [IF]\">PENTAX  FA 645 150mm F2.8  [IF]<\/option><option  value=\"PENTAX FA 645 200mm F4.0 [IF]\">PENTAX FA 645 200mm F4.0 [IF]<\/option><option  value=\"PENTAX FA* 645 300mm F4.0 ED IF\">PENTAX FA* 645 300mm F4.0 ED IF<\/option><option  value=\"PENTAX FA 645 400mm F5.6 ED [IF]\">PENTAX FA 645 400mm F5.6 ED [IF]<\/option><option  value=\"HD PENTAX DA 645 28-45mm  f\/4.5  ED AW SR\">HD PENTAX DA 645 28-45mm  f\/4.5  ED AW SR<\/option><option  value=\"PENTAX FA 645 Zoom 33-55mm F4.5 AL\">PENTAX FA 645 Zoom 33-55mm F4.5 AL<\/option><option  value=\"PENTAX FA 645 Zoom 45-85mm F4.5\">PENTAX FA 645 Zoom 45-85mm F4.5<\/option><option  value=\"PENTAX FA 645 Zoom 55-110mm F5.6\">PENTAX FA 645 Zoom 55-110mm F5.6<\/option><option  value=\"PENTAX FA 645 Zoom 80-160mm F4.5\">PENTAX FA 645 Zoom 80-160mm F4.5<\/option><option  value=\"PENTAX FA 645 150-300mm F5.6 ED [IF]\">PENTAX FA 645 150-300mm F5.6 ED [IF]<\/option><option  value=\"\" selected='selected'>-- Jumelles --<\/option><option  value=\"AD 9x32 WP\">AD 9x32 WP<\/option><option  value=\"AD 9x28 WP\">AD 9x28 WP<\/option><option  value=\"AD x36 WP\">AD x36 WP<\/option><option  value=\"AD x25 WP\">AD x25 WP<\/option><option  value=\"AP x30 WP\">AP x30 WP<\/option><option  value=\"JUPITER\">JUPITER<\/option><option  value=\"PAPILIO II\">PAPILIO II<\/option><option  value=\"SD 9x42 WP\">SD 9x42 WP<\/option><option  value=\"SD x42 WP\">SD x42 WP<\/option><option  value=\"SP\">SP<\/option><option  value=\"SP WP\">SP WP<\/option><option  value=\"UD 9x21\">UD 9x21<\/option><option  value=\"UP 8-16x21\">UP 8-16x21<\/option><option  value=\"UP x21\">UP x21<\/option><option  value=\"UP x25\">UP x25<\/option><option  value=\"UP WP\">UP WP<\/option><option  value=\"VD 4x20 WP\">VD 4x20 WP<\/option><option  value=\"VM 6x21 WP Monoculaire\">VM 6x21 WP Monoculaire<\/option><option  value=\"ZD ED\">ZD ED<\/option><option  value=\"ZD WP\">ZD WP<\/option><option  value=\"\" selected='selected'>-- Lunettes d&#039;Observation et Oculaires --<\/option><option  value=\"PF-65ED II\">PF-65ED II<\/option><option  value=\"PF-65EDA II\">PF-65EDA II<\/option><option  value=\"PF-80ED\">PF-80ED<\/option><option  value=\"PF-80EDA\">PF-80EDA<\/option><option  value=\"PF-100ED\">PF-100ED<\/option><option  value=\"XF\">XF<\/option><option  value=\"XF Zoom\">XF Zoom<\/option><option  value=\"XL Zoom\">XL Zoom<\/option><option  value=\"XW\">XW<\/option>\t<\/select>\n\t\r\n    \r\n    \r\n<\/div>\r\n<\/div>\n<div class=\"col-sm-4\">\r\n<div id=\"frm_field_131_container\" class=\"frm_form_field form-field  frm_required_field frm_top_container\">\r\n    <label for=\"field_e6hyi938e39ae4f\" class=\"frm_primary_label\">Autre Pentax Produit:\r\n        <span class=\"frm_required\"><\/span>\r\n    <\/label>\r\n    <input  type=\"text\" id=\"field_e6hyi938e39ae4f\" name=\"item_meta[131]\" value=\"\"  data-reqmsg=\"Autre Pentax Produit: cannot be blank.\" aria-required=\"true\" data-invmsg=\"Text is invalid\" aria-invalid=\"false\"   \/>\r\n    \r\n    \r\n<\/div>\r\n<\/div>\r\n<\/div>\n<div class=\"row\">\r\n<div class=\"col-sm-4\">\r\n<div id=\"frm_field_132_container\" class=\"frm_form_field form-field  frm_required_field frm_top_container\">\r\n    <label for=\"field_ib82y4fc4bafac1\" class=\"frm_primary_label\">* Num\u00e9ro de s\u00e9rie:\r\n        <span class=\"frm_required\"><\/span>\r\n    <\/label>\r\n    <input  type=\"text\" id=\"field_ib82y4fc4bafac1\" name=\"item_meta[132]\" value=\"\"  data-reqmsg=\"* Num\u00e9ro de s\u00e9rie: cannot be blank.\" aria-required=\"true\" data-invmsg=\"Text is invalid\" aria-invalid=\"false\"   \/>\r\n    \r\n    \r\n<\/div>\r\n<\/div>\r\n<\/div>\n<div class=\"row\">\r\n<div class=\"col-sm-4\">\r\n<div id=\"frm_field_133_container\" class=\"frm_form_field form-field  frm_required_field frm_top_container\">\r\n    <label for=\"field_syh7e4e5a300c4a\" class=\"frm_primary_label\">* Date de l'achat:\r\n        <span class=\"frm_required\"><\/span>\r\n    <\/label>\r\n    <input type=\"text\" id=\"field_syh7e4e5a300c4a\" name=\"item_meta[133]\" value=\"\"  data-reqmsg=\"* Date de l&#039;achat: cannot be blank.\" aria-required=\"true\" data-invmsg=\"Text is invalid\" class=\"frm_date\" aria-invalid=\"false\"  \/>\r\n    \r\n    \r\n<\/div>\r\n<\/div>\r\n<\/div>\n<div class=\"row\">\r\n<div class=\"col-sm-4\">\r\n<div id=\"frm_field_134_container\" class=\"frm_form_field form-field  frm_required_field frm_top_container\">\r\n    <label for=\"field_frw0ge95ac0149f\" class=\"frm_primary_label\">* Nom du D\u00e9taillant:\r\n        <span class=\"frm_required\"><\/span>\r\n    <\/label>\r\n    <input  type=\"text\" id=\"field_frw0ge95ac0149f\" name=\"item_meta[134]\" value=\"\"  data-reqmsg=\"* Nom du D\u00e9taillant: cannot be blank.\" aria-required=\"true\" data-invmsg=\"Text is invalid\" aria-invalid=\"false\"   \/>\r\n    \r\n    \r\n<\/div>\r\n<\/div>\r\n<\/div>\n<div id=\"frm_field_135_container\" class=\"frm_form_field form-field  frm_top_container vertical_radio\">\r\n    <div  id=\"field_9yc38871add14ce_label\" class=\"frm_primary_label\">\u00c2ge de l'utilisateur principal ? \r\n        <span class=\"frm_required\" aria-hidden=\"true\"><\/span>\r\n    <\/div>\r\n    <div class=\"frm_opt_container\" aria-labelledby=\"field_9yc38871add14ce_label\" role=\"radiogroup\">\t\t<div class=\"frm_radio\" id=\"frm_radio_135-0\">\t\t\t<label  for=\"field_9yc38871add14ce-0\">\n\t\t\t\t\t<input type=\"radio\" name=\"item_meta[135]\" id=\"field_9yc38871add14ce-0\" value=\"Moins de 18\"\n\t\t data-invmsg=\"\u00c2ge de l&#039;utilisateur principal ?  est non valide\"   \/> Moins de 18<\/label><\/div>\n\t\t<div class=\"frm_radio\" id=\"frm_radio_135-1\">\t\t\t<label  for=\"field_9yc38871add14ce-1\">\n\t\t\t\t\t<input type=\"radio\" name=\"item_meta[135]\" id=\"field_9yc38871add14ce-1\" value=\"18-24\"\n\t\t data-invmsg=\"\u00c2ge de l&#039;utilisateur principal ?  est non valide\"   \/> 18-24<\/label><\/div>\n\t\t<div class=\"frm_radio\" id=\"frm_radio_135-2\">\t\t\t<label  for=\"field_9yc38871add14ce-2\">\n\t\t\t\t\t<input type=\"radio\" name=\"item_meta[135]\" id=\"field_9yc38871add14ce-2\" value=\"25-34\"\n\t\t data-invmsg=\"\u00c2ge de l&#039;utilisateur principal ?  est non valide\"   \/> 25-34<\/label><\/div>\n\t\t<div class=\"frm_radio\" id=\"frm_radio_135-3\">\t\t\t<label  for=\"field_9yc38871add14ce-3\">\n\t\t\t\t\t<input type=\"radio\" name=\"item_meta[135]\" id=\"field_9yc38871add14ce-3\" value=\"35-49\"\n\t\t data-invmsg=\"\u00c2ge de l&#039;utilisateur principal ?  est non valide\"   \/> 35-49<\/label><\/div>\n\t\t<div class=\"frm_radio\" id=\"frm_radio_135-4\">\t\t\t<label  for=\"field_9yc38871add14ce-4\">\n\t\t\t\t\t<input type=\"radio\" name=\"item_meta[135]\" id=\"field_9yc38871add14ce-4\" value=\"50-64\"\n\t\t data-invmsg=\"\u00c2ge de l&#039;utilisateur principal ?  est non valide\"   \/> 50-64<\/label><\/div>\n\t\t<div class=\"frm_radio\" id=\"frm_radio_135-5\">\t\t\t<label  for=\"field_9yc38871add14ce-5\">\n\t\t\t\t\t<input type=\"radio\" name=\"item_meta[135]\" id=\"field_9yc38871add14ce-5\" value=\"65 et plus\"\n\t\t data-invmsg=\"\u00c2ge de l&#039;utilisateur principal ?  est non valide\"   \/> 65 et plus<\/label><\/div>\n<\/div>\r\n    \r\n    \r\n<\/div>\n\t<input type=\"hidden\" name=\"item_key\" value=\"\" \/>\n\t\t\t<div id=\"frm_field_151_container\">\n\t\t\t<label for=\"field_pkm1t\" >\n\t\t\t\tSi vous \u00eates un humain, ne remplissez pas ce champ.\t\t\t<\/label>\n\t\t\t<input  id=\"field_pkm1t\" type=\"text\" class=\"frm_form_field form-field frm_verify\" name=\"item_meta[151]\" value=\"\"  \/>\n\t\t<\/div>\n\t\t<input name=\"frm_state\" type=\"hidden\" value=\"d3vzooYFCD9uRqD25Q63f9+scQm35AzKaAXxptC25495+jIZ5qTXYoKglxsrdWIb\" \/><div class=\"frm_submit\">\r\n\r\n<button class=\"frm_button_submit frm_final_submit\" type=\"submit\"   formnovalidate=\"formnovalidate\">Enregistrez votre Produit<\/button>\r\n\r\n<\/div><\/div>\n<\/fieldset>\n<\/div>\n\n<\/form>\n<\/div>\n\n","protected":false},"excerpt":{"rendered":"<p>Merci d&rsquo;avoir achet\u00e9 un produit de RICOH IMAGING et de prendre le temps de l&rsquo;enregistrer. L&rsquo;enregistrement ne prend que quelques minutes et fournit \u00e0 RICOH IMAGING des informations utiles pour le d\u00e9veloppement des futurs produits et leurs caract\u00e9ristiques. Cet enregistrement s&rsquo;adresse uniquement aux r\u00e9sidents canadiens. Si vous demeurez \u00e0 l&rsquo;ext\u00e9rieur du Canada, veillez visiter le [&hellip;]<\/p>\n","protected":false},"author":1,"featured_media":0,"parent":0,"menu_order":0,"comment_status":"closed","ping_status":"closed","template":"","meta":{"_acf_changed":false,"footnotes":""},"class_list":["post-3537","page","type-page","status-publish","hentry"],"acf":[],"_links":{"self":[{"href":"https:\/\/www.ricoh-imaging.ca\/fr\/wp-json\/wp\/v2\/pages\/3537","targetHints":{"allow":["GET"]}}],"collection":[{"href":"https:\/\/www.ricoh-imaging.ca\/fr\/wp-json\/wp\/v2\/pages"}],"about":[{"href":"https:\/\/www.ricoh-imaging.ca\/fr\/wp-json\/wp\/v2\/types\/page"}],"author":[{"embeddable":true,"href":"https:\/\/www.ricoh-imaging.ca\/fr\/wp-json\/wp\/v2\/users\/1"}],"replies":[{"embeddable":true,"href":"https:\/\/www.ricoh-imaging.ca\/fr\/wp-json\/wp\/v2\/comments?post=3537"}],"version-history":[{"count":5,"href":"https:\/\/www.ricoh-imaging.ca\/fr\/wp-json\/wp\/v2\/pages\/3537\/revisions"}],"predecessor-version":[{"id":4861,"href":"https:\/\/www.ricoh-imaging.ca\/fr\/wp-json\/wp\/v2\/pages\/3537\/revisions\/4861"}],"wp:attachment":[{"href":"https:\/\/www.ricoh-imaging.ca\/fr\/wp-json\/wp\/v2\/media?parent=3537"}],"curies":[{"name":"wp","href":"https:\/\/api.w.org\/{rel}","templated":true}]}}