{"id":3604,"date":"2018-08-30T13:04:13","date_gmt":"2018-08-30T13:04:13","guid":{"rendered":"https:\/\/www.ricoh-imaging.ca\/contact\/"},"modified":"2020-03-12T16:11:46","modified_gmt":"2020-03-12T16:11:46","slug":"contact","status":"publish","type":"page","link":"https:\/\/www.ricoh-imaging.ca\/fr\/contact\/","title":{"rendered":"Contacter Ricoh Imaging"},"content":{"rendered":"<p>Veuillez utiliser ce formulaire pour contacter Ricoh Imaging Canada Inc. pour tous renseignements g\u00e9n\u00e9raux. Suite \u00e0 l&rsquo;envoi de ce formulaire, un repr\u00e9sentant Ricoh Imaging r\u00e9pondra \u00e0 votre demande dans les plus brefs d\u00e9lais.<\/p>\n<p>Pour le soutien technique relativement \u00e0 votre appareil num\u00e9rique Ricoh Imaging, <a href=\"https:\/\/ricoh-imaging.ca\/support\/digital-support\">cliquez ici<\/a>.<\/p>\n<p class=\"note\">*Indique que le champ doit \u00eatre rempli<\/p>\n<div class=\"frm_forms  with_frm_style frm_style_formidable-style\" id=\"frm_form_2_container\" >\n<form enctype=\"multipart\/form-data\" method=\"post\" class=\"frm-show-form  frm_pro_form \" id=\"form_contact-form\" >\n<div class=\"frm_form_fields \">\n<fieldset>\n<legend class=\"frm_screen_reader\">Contact<\/legend>\r\n\r\n\r\n\r\n<h3 class=\"section-header\">Personal Information<\/h3><div class=\"frm_fields_container\">\n<input type=\"hidden\" name=\"frm_action\" value=\"create\" \/>\n<input type=\"hidden\" name=\"form_id\" value=\"2\" \/>\n<input type=\"hidden\" name=\"frm_hide_fields_2\" id=\"frm_hide_fields_2\" value=\"\" \/>\n<input type=\"hidden\" name=\"form_key\" value=\"contact-form\" \/>\n<input type=\"hidden\" name=\"item_meta[0]\" value=\"\" \/>\n<input type=\"hidden\" id=\"frm_submit_entry_2\" name=\"frm_submit_entry_2\" value=\"78f22a3cb3\" \/><input type=\"hidden\" name=\"_wp_http_referer\" value=\"\/fr\/wp-json\/wp\/v2\/pages\/3604\" \/><div class=\"row\">\r\n<div class=\"col-sm-4\">\r\n<div id=\"frm_field_67_container\" class=\"frm_form_field form-field  frm_required_field frm_top_container\">\r\n    <label for=\"field_wdg5s\" class=\"frm_primary_label\">* First Name:\r\n        <span class=\"frm_required\"><\/span>\r\n    <\/label>\r\n    <input  type=\"text\" id=\"field_wdg5s\" name=\"item_meta[67]\" value=\"\"  data-reqmsg=\"* First Name: cannot be blank.\" aria-required=\"true\" data-invmsg=\"Text is invalid\" aria-invalid=\"false\"   \/>\r\n    \r\n    \r\n<\/div>\r\n<\/div>\n<div class=\"col-sm-4\">\r\n<div id=\"frm_field_68_container\" class=\"frm_form_field form-field  frm_required_field frm_top_container\">\r\n    <label for=\"field_r33o6\" class=\"frm_primary_label\">* Last Name:\r\n        <span class=\"frm_required\"><\/span>\r\n    <\/label>\r\n    <input  type=\"text\" id=\"field_r33o6\" name=\"item_meta[68]\" value=\"\"  data-reqmsg=\"* Last Name: cannot be blank.\" aria-required=\"true\" data-invmsg=\"Text is invalid\" aria-invalid=\"false\"   \/>\r\n    \r\n    \r\n<\/div>\r\n<\/div>\r\n<\/div>\n<div class=\"row\">\r\n<div class=\"col-sm-4\">\r\n<div id=\"frm_field_69_container\" class=\"frm_form_field form-field  frm_required_field frm_top_container\">\r\n    <label for=\"field_3t36d\" class=\"frm_primary_label\">* City:\r\n        <span class=\"frm_required\"><\/span>\r\n    <\/label>\r\n    <input  type=\"text\" id=\"field_3t36d\" name=\"item_meta[69]\" value=\"\"  data-reqmsg=\"* City: cannot be blank.\" aria-required=\"true\" data-invmsg=\"Text is invalid\" aria-invalid=\"false\"   \/>\r\n    \r\n    \r\n<\/div>\r\n<\/div>\n<div class=\"col-sm-4\">\r\n<div id=\"frm_field_70_container\" class=\"frm_form_field form-field  frm_required_field frm_top_container\">\r\n    <label for=\"field_n03n7\" class=\"frm_primary_label\">* Province:\r\n        <span class=\"frm_required\"><\/span>\r\n    <\/label>\r\n    \t\t<select name=\"item_meta[70]\" id=\"field_n03n7\"  data-frmval=\"Select a Province\" data-reqmsg=\"* Province: cannot be blank.\" aria-required=\"true\" data-invmsg=\"* Province: est non valide\" aria-invalid=\"false\"  >\n\t\t<option  value=\"Select a Province\" selected='selected'>Select a Province<\/option><option  value=\"British Columbia\">British Columbia<\/option><option  value=\"Alberta\">Alberta<\/option><option  value=\"Saskatchewan\">Saskatchewan<\/option><option  value=\"Manitoba\">Manitoba<\/option><option  value=\"Ontario\">Ontario<\/option><option  value=\"Quebec\">Quebec<\/option><option  value=\"Nova Scotia\">Nova Scotia<\/option><option  value=\"New Brunswick\">New Brunswick<\/option><option  value=\"Prince Edward Island\">Prince Edward Island<\/option><option  value=\"Newfoundland\">Newfoundland<\/option><option  value=\"Yukon\">Yukon<\/option><option  value=\"Northwest Territory\">Northwest Territory<\/option><option  value=\"Nunavut\">Nunavut<\/option>\t<\/select>\n\t\r\n    \r\n    \r\n<\/div>\r\n<\/div>\r\n<\/div>\n<div class=\"row\">\r\n<div class=\"col-sm-4\">\r\n<div id=\"frm_field_71_container\" class=\"frm_form_field form-field  frm_required_field frm_top_container\">\r\n    <label for=\"field_rxdl0\" class=\"frm_primary_label\">* Postal Code:\r\n        <span class=\"frm_required\"><\/span>\r\n    <\/label>\r\n    <input  type=\"text\" id=\"field_rxdl0\" name=\"item_meta[71]\" value=\"\"  data-reqmsg=\"* Postal Code: cannot be blank.\" aria-required=\"true\" data-invmsg=\"Text is invalid\" aria-invalid=\"false\"   \/>\r\n    \r\n    \r\n<\/div>\r\n<\/div>\n<div class=\"col-sm-4\">\r\n<div id=\"frm_field_72_container\" class=\"frm_form_field form-field  frm_required_field frm_top_container\">\r\n    <label for=\"field_uxrdl\" class=\"frm_primary_label\">* Telephone:\r\n        <span class=\"frm_required\"><\/span>\r\n    <\/label>\r\n    <input  type=\"text\" id=\"field_uxrdl\" name=\"item_meta[72]\" value=\"\"  data-reqmsg=\"* Telephone: cannot be blank.\" aria-required=\"true\" data-invmsg=\"Text is invalid\" aria-invalid=\"false\"   \/>\r\n    \r\n    \r\n<\/div>\r\n<\/div>\r\n<\/div>\n<div class=\"row\">\r\n<div class=\"col-sm-4\">\r\n<div id=\"frm_field_74_container\" class=\"frm_form_field form-field  frm_required_field frm_top_container\">\r\n    <label for=\"field_ndsp4\" class=\"frm_primary_label\">* E-mail Address:\r\n        <span class=\"frm_required\"><\/span>\r\n    <\/label>\r\n    <input type=\"email\" id=\"field_ndsp4\" name=\"item_meta[74]\" value=\"\"  data-reqmsg=\"* E-mail Address: cannot be blank.\" aria-required=\"true\" data-invmsg=\"Email is invalid\" aria-invalid=\"false\"  \/>\r\n    \r\n    \r\n<\/div>\r\n<\/div>\r\n<\/div>\n<h3 class=\"section-header\">Details<\/h3>\r\n<div class=\"row\">\r\n<div class=\"col-sm-4\">\r\n<div id=\"frm_field_75_container\" class=\"frm_form_field form-field  frm_required_field frm_top_container\">\r\n    <label for=\"field_e6hyi\" class=\"frm_primary_label\">* Reason for Contact:\r\n        <span class=\"frm_required\"><\/span>\r\n    <\/label>\r\n    <input  type=\"text\" id=\"field_e6hyi\" name=\"item_meta[75]\" value=\"\"  data-reqmsg=\"* Reason for Contact: cannot be blank.\" aria-required=\"true\" data-invmsg=\"Text is invalid\" aria-invalid=\"false\"   \/>\r\n    \r\n    \r\n<\/div>\r\n<\/div>\r\n<\/div>\n<div id=\"frm_field_76_container\" class=\"frm_form_field form-field  frm_required_field frm_top_container\">\r\n    <label for=\"field_lnx5n\" class=\"frm_primary_label\">* Comments\/Questions:\r\n        <span class=\"frm_required\"><\/span>\r\n<span class=\"note\">Please include any URLS or references that can assist in helping you.<\/span>\r\n    <\/label>\r\n\r\n    <textarea name=\"item_meta[76]\" id=\"field_lnx5n\" rows=\"5\"  data-reqmsg=\"* Comments\/Questions: cannot be blank.\" aria-required=\"true\" data-invmsg=\"* Comments\/Questions: est non valide\" aria-invalid=\"false\"  ><\/textarea>\r\n    \r\n    \r\n<\/div>\n<div id=\"frm_field_116_container\" class=\"frm_form_field form-field  frm_none_container\">\r\n    <label for=\"g-recaptcha-response\" id=\"field_pyen0_label\" class=\"frm_primary_label\">reCAPTCHA\r\n        <span class=\"frm_required\"><\/span>\r\n    <\/label>\r\n    <div  id=\"field_pyen0\" class=\"g-recaptcha\" data-sitekey=\"6Lcd0uAUAAAAAGsZvG_YBNENuGwvQnEG7A5FTx6X\" data-size=\"invisible\" data-theme=\"light\" data-callback=\"frmAfterRecaptcha\"><\/div>\r\n    \r\n    \r\n<\/div>\n\t<input type=\"hidden\" name=\"item_key\" value=\"\" \/>\n\t\t\t<div id=\"frm_field_151_container\">\n\t\t\t<label for=\"field_65ica\" >\n\t\t\t\tSi vous \u00eates un humain, ne remplissez pas ce champ.\t\t\t<\/label>\n\t\t\t<input  id=\"field_65ica\" type=\"text\" class=\"frm_form_field form-field frm_verify\" name=\"item_meta[151]\" value=\"\"  \/>\n\t\t<\/div>\n\t\t<input name=\"frm_state\" type=\"hidden\" value=\"7CrsSgNa8WxKIaq2a9\/JzvEKEyN8eRw5ogN\/lCQ0dokbkzjDoOw3OMG8Y\/zs8UXW\" \/><div class=\"frm_submit\">\r\n\r\n<button class=\"frm_button_submit frm_final_submit\" type=\"submit\"   formnovalidate=\"formnovalidate\">Submit your Contact Request<\/button>\r\n\r\n<\/div><\/div>\n<\/fieldset>\n<\/div>\n\n<\/form>\n<\/div>\n\n","protected":false},"excerpt":{"rendered":"<p>Veuillez utiliser ce formulaire pour contacter Ricoh Imaging Canada Inc. pour tous renseignements g\u00e9n\u00e9raux. Suite \u00e0 l&rsquo;envoi de ce formulaire, un repr\u00e9sentant Ricoh Imaging r\u00e9pondra \u00e0 votre demande dans les plus brefs d\u00e9lais. Pour le soutien technique relativement \u00e0 votre appareil num\u00e9rique Ricoh Imaging, cliquez ici. *Indique que le champ doit \u00eatre rempli<\/p>\n","protected":false},"author":1,"featured_media":0,"parent":0,"menu_order":0,"comment_status":"closed","ping_status":"closed","template":"","meta":{"_acf_changed":false,"footnotes":""},"class_list":["post-3604","page","type-page","status-publish","hentry"],"acf":[],"_links":{"self":[{"href":"https:\/\/www.ricoh-imaging.ca\/fr\/wp-json\/wp\/v2\/pages\/3604","targetHints":{"allow":["GET"]}}],"collection":[{"href":"https:\/\/www.ricoh-imaging.ca\/fr\/wp-json\/wp\/v2\/pages"}],"about":[{"href":"https:\/\/www.ricoh-imaging.ca\/fr\/wp-json\/wp\/v2\/types\/page"}],"author":[{"embeddable":true,"href":"https:\/\/www.ricoh-imaging.ca\/fr\/wp-json\/wp\/v2\/users\/1"}],"replies":[{"embeddable":true,"href":"https:\/\/www.ricoh-imaging.ca\/fr\/wp-json\/wp\/v2\/comments?post=3604"}],"version-history":[{"count":3,"href":"https:\/\/www.ricoh-imaging.ca\/fr\/wp-json\/wp\/v2\/pages\/3604\/revisions"}],"predecessor-version":[{"id":4120,"href":"https:\/\/www.ricoh-imaging.ca\/fr\/wp-json\/wp\/v2\/pages\/3604\/revisions\/4120"}],"wp:attachment":[{"href":"https:\/\/www.ricoh-imaging.ca\/fr\/wp-json\/wp\/v2\/media?parent=3604"}],"curies":[{"name":"wp","href":"https:\/\/api.w.org\/{rel}","templated":true}]}}