{"id":4595,"date":"2021-02-18T18:39:11","date_gmt":"2021-02-18T18:39:11","guid":{"rendered":"https:\/\/www.ricoh-imaging.ca\/?page_id=4595"},"modified":"2021-02-18T18:39:11","modified_gmt":"2021-02-18T18:39:11","slug":"avis-dexportation","status":"publish","type":"page","link":"https:\/\/www.ricoh-imaging.ca\/fr\/avis-dexportation\/","title":{"rendered":"Avis d&rsquo;exportation"},"content":{"rendered":"<p>Les clients ne peuvent, sans l&rsquo;autorisation requise du gouvernement canadien ou d&rsquo;un autre gouvernement \u00e9tranger associ\u00e9, exporter directement ou indirectement tous ou certains des produits affich\u00e9s sur ce site.<\/p>\n<p>Les clients doivent respecter toutes les restrictions applicables concernant les exportations ou r\u00e9exportations vers les \u00c9tats-Unis ou un autre pays.<\/p>\n<p>N&rsquo;utilisez pas de produits destin\u00e9s \u00e0 des fins militaires dont ceux pour le d\u00e9veloppement de bombes nucl\u00e9aires, les armes chimiques, les armes de destruction massive telles que les missiles (\u00ab WMD \u00bb) ou autres armes traditionnelles.<\/p>\n<p>Il est aussi d\u00e9fendu de les fournir ou de les exporter \u00e0 des tierces parties qui viseraient les utilisations pr\u00e9cit\u00e9es. <\/p>\n","protected":false},"excerpt":{"rendered":"<p>Les clients ne peuvent, sans l&rsquo;autorisation requise du gouvernement canadien ou d&rsquo;un autre gouvernement \u00e9tranger associ\u00e9, exporter directement ou indirectement tous ou certains des produits affich\u00e9s sur ce site. Les clients doivent respecter toutes les restrictions applicables concernant les exportations ou r\u00e9exportations vers les \u00c9tats-Unis ou un autre pays. N&rsquo;utilisez pas de produits destin\u00e9s \u00e0 [&hellip;]<\/p>\n","protected":false},"author":1,"featured_media":0,"parent":0,"menu_order":0,"comment_status":"closed","ping_status":"closed","template":"","meta":{"_acf_changed":false,"footnotes":""},"class_list":["post-4595","page","type-page","status-publish","hentry"],"acf":[],"_links":{"self":[{"href":"https:\/\/www.ricoh-imaging.ca\/fr\/wp-json\/wp\/v2\/pages\/4595","targetHints":{"allow":["GET"]}}],"collection":[{"href":"https:\/\/www.ricoh-imaging.ca\/fr\/wp-json\/wp\/v2\/pages"}],"about":[{"href":"https:\/\/www.ricoh-imaging.ca\/fr\/wp-json\/wp\/v2\/types\/page"}],"author":[{"embeddable":true,"href":"https:\/\/www.ricoh-imaging.ca\/fr\/wp-json\/wp\/v2\/users\/1"}],"replies":[{"embeddable":true,"href":"https:\/\/www.ricoh-imaging.ca\/fr\/wp-json\/wp\/v2\/comments?post=4595"}],"version-history":[{"count":1,"href":"https:\/\/www.ricoh-imaging.ca\/fr\/wp-json\/wp\/v2\/pages\/4595\/revisions"}],"predecessor-version":[{"id":4596,"href":"https:\/\/www.ricoh-imaging.ca\/fr\/wp-json\/wp\/v2\/pages\/4595\/revisions\/4596"}],"wp:attachment":[{"href":"https:\/\/www.ricoh-imaging.ca\/fr\/wp-json\/wp\/v2\/media?parent=4595"}],"curies":[{"name":"wp","href":"https:\/\/api.w.org\/{rel}","templated":true}]}}